{"id":168,"date":"2017-07-04T10:24:12","date_gmt":"2017-07-04T10:24:12","guid":{"rendered":"http:\/\/creativequality.es\/?page_id=168"},"modified":"2017-07-07T10:52:27","modified_gmt":"2017-07-07T10:52:27","slug":"servicios","status":"publish","type":"page","link":"https:\/\/creativequality.es\/index.php\/servicios\/","title":{"rendered":"Servicios de CreativeQuality"},"content":{"rendered":"<div id=\"dslc-theme-content\"><div id=\"dslc-theme-content-inner\"><p><span style=\"color: #777777;\"><strong>Gesti\u00f3n de calidad<\/strong><\/span><\/p>\n<ul>\n<li><span style=\"color: #777777;\">Desarrollo e Implantaci\u00f3n de Sistema de Gesti\u00f3n de la Calidad seg\u00fan norma UNE-EN-ISO 9001:2008<\/span><\/li>\n<li><span style=\"color: #777777;\">Desarrollo e Implantaci\u00f3n de Sistema de Gesti\u00f3n de la Calidad para el Sector Tur\u00edstico, Q Calidad.<\/span><\/li>\n<\/ul>\n<p><span style=\"color: #777777;\"><strong>Sistemas de Seguridad Alimentaria<\/strong><\/span><\/p>\n<ul>\n<li><span style=\"color: #777777;\">Desarrollo e Implantaci\u00f3n de Sistema de Seguridad Alimentaria seg\u00fan norma UNE-EN-ISO 22000:2005.<\/span><\/li>\n<li><span style=\"color: #777777;\">Desarrollo e Implantaci\u00f3n de Sistema de Seguridad Alimentaria seg\u00fan normas privadas, BRC,IFS, FSSC, GLOBALGAP.<\/span><\/li>\n<li><span style=\"color: #777777;\">Sistemas APPCC, Memorias T\u00e9cnico Sanitarias, Obtenci\u00f3n\/renovaci\u00f3n Registro Sanitario.<\/span><\/li>\n<\/ul>\n<p><span style=\"color: #777777;\"><strong>Excelencia y Sostenibilidad<\/strong><\/span><\/p>\n<ul>\n<li><span style=\"color: #777777;\">Modelo E.F.Q.M. de Excelencia Empresarial<\/span><\/li>\n<li><span style=\"color: #777777;\">Modelo Gespyme basado en los criterios del Modelo Europeo de Excelencia (E.F.Q.M.).<\/span><\/li>\n<li><span style=\"color: #777777;\">Desarrollo e Implantaci\u00f3n de Sistema de Gesti\u00f3n de Responsabilidad Social Empresarial<\/span><\/li>\n<li><span style=\"color: #777777;\">Asesoramiento Memorias de Sostenibilidad GRI Consultor\u00eda Estrat\u00e9gica. Control de Indicadores. Determinaci\u00f3n de Causas y Control de Procesos<\/span><\/li>\n<\/ul>\n<p><span style=\"color: #777777;\"><strong>Gesti\u00f3n de la I+D+i<\/strong><\/span><\/p>\n<ul>\n<li><span style=\"color: #777777;\">Desarrollo e Implantaci\u00f3n de Sistema de Gesti\u00f3n de la I+D+i seg\u00fan norma UNE 166002:2006.<\/span><\/li>\n<\/ul>\n<p><span style=\"color: #777777;\"><strong>OHSAS 18001<\/strong><\/span><\/p>\n<ul>\n<li><span style=\"color: #777777;\">Desarrollo e Implantaci\u00f3n de Sistema de Gesti\u00f3n de la Seguridad y Salud en el Trabajo seg\u00fan norma OHSAS 18001<\/span><\/li>\n<\/ul>\n<p><span style=\"color: #777777;\"><strong>Medio Ambiente<\/strong><\/span><\/p>\n<ul>\n<li><span style=\"color: #777777;\">Desarrollo e Implantaci\u00f3n de Sistema de Gesti\u00f3n Medioambiental seg\u00fan norma UNE-EN-ISO 14001:2004.<\/span><\/li>\n<li><span style=\"color: #777777;\">Desarrollo Diagn\u00f3stico Medioambiental<\/span><\/li>\n<li><span style=\"color: #777777;\">Estudios de Minimizaci\u00f3n de Residuos Peligrosos<\/span><\/li>\n<li><span style=\"color: #777777;\">Desarrollo e Implantaci\u00f3n de Sistema de Gesti\u00f3n Medioambiental seg\u00fan EMAS<\/span><\/li>\n<li><span style=\"color: #777777;\">Cumplimentaci\u00f3n Informe Preliminar de Situaci\u00f3n de Suelos Potencialmente Contaminado(IPS),en cumplimiento del RD 9\/2005, de 14 de Enero.<\/span><\/li>\n<\/ul>\n<p><span style=\"color: #777777;\"><strong>Tecnolog\u00eda de la Informaci\u00f3n<\/strong><\/span><\/p>\n<ul>\n<li><span style=\"color: #777777;\">Cumplimiento de la Ley Org\u00e1nica 15\/1999, de 13 de Diciembre, sobre Protecci\u00f3n de Datos de Car\u00e1cter Personal.<\/span><\/li>\n<li><span style=\"color: #777777;\">Sistema de Gesti\u00f3n de la Seguridad de la Informaci\u00f3n ISO 27001.<\/span><\/li>\n<\/ul>\n<p><span style=\"color: #777777;\"><strong>Marketing y Estrategia<\/strong><\/span><\/p>\n<ul>\n<li><span style=\"color: #777777;\">Estudios de Viabilidad<\/span><\/li>\n<li><span style=\"color: #777777;\">Estudios de Mercado<\/span><\/li>\n<li><span style=\"color: #777777;\">Desarrollo e implantaci\u00f3n Imagen Corporativa.<\/span><\/li>\n<li><span style=\"color: #777777;\">Planes de Marketing.<\/span><\/li>\n<li><span style=\"color: #777777;\">Publicidad y Dise\u00f1o.<\/span><\/li>\n<li><span style=\"color: #777777;\">An\u00e1lisis de la Satisfacci\u00f3n de Clientes.<\/span><\/li>\n<\/ul>\n<p><span style=\"color: #777777;\"><strong>Clasificaci\u00f3n Empresarial<\/strong><\/span><\/p>\n<ul>\n<li><span style=\"color: #777777;\">Realizaci\u00f3n y presentaci\u00f3n de expedientes de clasificaci\u00f3n como contratista.<\/span><\/li>\n<\/ul>\n<p><span style=\"color: #777777;\"><strong>Gesti\u00f3n de Ayudas y Subvenciones<\/strong><\/span><\/p>\n<ul>\n<li><span style=\"color: #777777;\">Realizaci\u00f3n y presentaci\u00f3n de expedientes de ayudas y subvenciones.<\/span><\/li>\n<\/ul>\n<\/div><\/div>","protected":false},"excerpt":{"rendered":"<p>Gesti\u00f3n de calidad Desarrollo e Implantaci\u00f3n de Sistema de Gesti\u00f3n de la Calidad seg\u00fan norma UNE-EN-ISO 9001:2008 Desarrollo e Implantaci\u00f3n de Sistema de Gesti\u00f3n de la Calidad para el Sector Tur\u00edstico, Q Calidad. Sistemas de Seguridad Alimentaria Desarrollo e Implantaci\u00f3n de Sistema de Seguridad Alimentaria seg\u00fan norma UNE-EN-ISO 22000:2005. Desarrollo e Implantaci\u00f3n de Sistema de [&hellip;]<\/p>\n","protected":false},"author":1,"featured_media":0,"parent":0,"menu_order":0,"comment_status":"closed","ping_status":"closed","template":"","meta":{"site-sidebar-layout":"default","site-content-layout":"","ast-site-content-layout":"default","site-content-style":"default","site-sidebar-style":"default","ast-global-header-display":"","ast-banner-title-visibility":"","ast-main-header-display":"","ast-hfb-above-header-display":"","ast-hfb-below-header-display":"","ast-hfb-mobile-header-display":"","site-post-title":"","ast-breadcrumbs-content":"","ast-featured-img":"","footer-sml-layout":"","ast-disable-related-posts":"","theme-transparent-header-meta":"","adv-header-id-meta":"","stick-header-meta":"","header-above-stick-meta":"","header-main-stick-meta":"","header-below-stick-meta":"","astra-migrate-meta-layouts":"default","ast-page-background-enabled":"default","ast-page-background-meta":{"desktop":{"background-color":"var(--ast-global-color-4)","background-image":"","background-repeat":"repeat","background-position":"center center","background-size":"auto","background-attachment":"scroll","background-type":"","background-media":"","overlay-type":"","overlay-color":"","overlay-opacity":"","overlay-gradient":""},"tablet":{"background-color":"","background-image":"","background-repeat":"repeat","background-position":"center center","background-size":"auto","background-attachment":"scroll","background-type":"","background-media":"","overlay-type":"","overlay-color":"","overlay-opacity":"","overlay-gradient":""},"mobile":{"background-color":"","background-image":"","background-repeat":"repeat","background-position":"center center","background-size":"auto","background-attachment":"scroll","background-type":"","background-media":"","overlay-type":"","overlay-color":"","overlay-opacity":"","overlay-gradient":""}},"ast-content-background-meta":{"desktop":{"background-color":"var(--ast-global-color-5)","background-image":"","background-repeat":"repeat","background-position":"center center","background-size":"auto","background-attachment":"scroll","background-type":"","background-media":"","overlay-type":"","overlay-color":"","overlay-opacity":"","overlay-gradient":""},"tablet":{"background-color":"var(--ast-global-color-5)","background-image":"","background-repeat":"repeat","background-position":"center center","background-size":"auto","background-attachment":"scroll","background-type":"","background-media":"","overlay-type":"","overlay-color":"","overlay-opacity":"","overlay-gradient":""},"mobile":{"background-color":"var(--ast-global-color-5)","background-image":"","background-repeat":"repeat","background-position":"center center","background-size":"auto","background-attachment":"scroll","background-type":"","background-media":"","overlay-type":"","overlay-color":"","overlay-opacity":"","overlay-gradient":""}},"footnotes":""},"class_list":["post-168","page","type-page","status-publish","hentry"],"_links":{"self":[{"href":"https:\/\/creativequality.es\/index.php\/wp-json\/wp\/v2\/pages\/168","targetHints":{"allow":["GET"]}}],"collection":[{"href":"https:\/\/creativequality.es\/index.php\/wp-json\/wp\/v2\/pages"}],"about":[{"href":"https:\/\/creativequality.es\/index.php\/wp-json\/wp\/v2\/types\/page"}],"author":[{"embeddable":true,"href":"https:\/\/creativequality.es\/index.php\/wp-json\/wp\/v2\/users\/1"}],"replies":[{"embeddable":true,"href":"https:\/\/creativequality.es\/index.php\/wp-json\/wp\/v2\/comments?post=168"}],"version-history":[{"count":12,"href":"https:\/\/creativequality.es\/index.php\/wp-json\/wp\/v2\/pages\/168\/revisions"}],"predecessor-version":[{"id":215,"href":"https:\/\/creativequality.es\/index.php\/wp-json\/wp\/v2\/pages\/168\/revisions\/215"}],"wp:attachment":[{"href":"https:\/\/creativequality.es\/index.php\/wp-json\/wp\/v2\/media?parent=168"}],"curies":[{"name":"wp","href":"https:\/\/api.w.org\/{rel}","templated":true}]}}